{"id":416,"date":"2018-05-02T11:04:48","date_gmt":"2018-05-02T09:04:48","guid":{"rendered":"https:\/\/www.heilpraktikerin-dietze.de\/?page_id=416"},"modified":"2024-02-20T17:55:43","modified_gmt":"2024-02-20T15:55:43","slug":"gesichtsmassage","status":"publish","type":"page","link":"https:\/\/www.heilpraktikerin-dietze.de\/?page_id=416","title":{"rendered":"Gesichtsmassage"},"content":{"rendered":"<h2>Die ganzheitliche Entspannungsmassage f\u00fcr das Gesicht<\/h2>\n<p>Eine wohltuende und sanfte Gesichtsmassage. Du kannst dich entspannen und einfach mal vom Alltag abschalten&#8230;<\/p>\n<p>Mit sanften Massagegriffen werden Gesicht,- Hals,- Nacken und Dekollt\u00e9 massiert.<\/p>\n<p>Erg\u00e4nzt wird die Massage mit sanftem Auflegen der H\u00e4nde in diesem Bereich &#8211; mit der Energie des Reiki.<\/p>\n<p>Eine <a href=\"https:\/\/www.heilpraktikerin-dietze.de\/?page_id=1192\">Massagesitzung<\/a> dauert ca. 30 min. <strong><br \/>\n<\/strong><\/p>\n<p>&nbsp;<\/p>\n<p>&nbsp;<\/p>\n<p><span style=\"font-family: Arial, serif;\"><span style=\"font-size: small;\">PFLICHTHINWEIS:<\/span><\/span><\/p>\n<p><span style=\"font-family: Arial, serif;\"><span style=\"font-size: small;\">Diese hier beschriebene Entspannungsmethode ist nicht wissenschaftlich, im Sinne der Schulmedizin, anerkannt. Sie folgt den Regeln der naturheilkundlichen Erfahrungsmedizin. Alle Aussagen \u00fcber die Wirkung und Behandlungsbeispiele, beruhen auf Erkenntnissen und Erfahrungswerten der Therapieeinrichtung selbst.<\/span><\/span><\/p>\n","protected":false},"excerpt":{"rendered":"<p>Die ganzheitliche Entspannungsmassage f\u00fcr das Gesicht Eine wohltuende und sanfte Gesichtsmassage. Du kannst dich entspannen und einfach mal vom Alltag abschalten&#8230; Mit sanften Massagegriffen werden Gesicht,- Hals,- Nacken und Dekollt\u00e9 massiert. Erg\u00e4nzt wird die Massage mit sanftem Auflegen der H\u00e4nde in diesem Bereich &#8211; mit der Energie des Reiki. Eine Massagesitzung dauert ca. 30 min. [&hellip;]<\/p>\n","protected":false},"author":3,"featured_media":0,"parent":595,"menu_order":5,"comment_status":"closed","ping_status":"closed","template":"","meta":{"footnotes":""},"class_list":["post-416","page","type-page","status-publish","hentry"],"_links":{"self":[{"href":"https:\/\/www.heilpraktikerin-dietze.de\/index.php?rest_route=\/wp\/v2\/pages\/416","targetHints":{"allow":["GET"]}}],"collection":[{"href":"https:\/\/www.heilpraktikerin-dietze.de\/index.php?rest_route=\/wp\/v2\/pages"}],"about":[{"href":"https:\/\/www.heilpraktikerin-dietze.de\/index.php?rest_route=\/wp\/v2\/types\/page"}],"author":[{"embeddable":true,"href":"https:\/\/www.heilpraktikerin-dietze.de\/index.php?rest_route=\/wp\/v2\/users\/3"}],"replies":[{"embeddable":true,"href":"https:\/\/www.heilpraktikerin-dietze.de\/index.php?rest_route=%2Fwp%2Fv2%2Fcomments&post=416"}],"version-history":[{"count":0,"href":"https:\/\/www.heilpraktikerin-dietze.de\/index.php?rest_route=\/wp\/v2\/pages\/416\/revisions"}],"up":[{"embeddable":true,"href":"https:\/\/www.heilpraktikerin-dietze.de\/index.php?rest_route=\/wp\/v2\/pages\/595"}],"wp:attachment":[{"href":"https:\/\/www.heilpraktikerin-dietze.de\/index.php?rest_route=%2Fwp%2Fv2%2Fmedia&parent=416"}],"curies":[{"name":"wp","href":"https:\/\/api.w.org\/{rel}","templated":true}]}}