{"id":411,"date":"2018-05-02T10:41:30","date_gmt":"2018-05-02T08:41:30","guid":{"rendered":"https:\/\/www.heilpraktikerin-dietze.de\/?page_id=411"},"modified":"2021-12-22T19:28:41","modified_gmt":"2021-12-22T17:28:41","slug":"reiki","status":"publish","type":"page","link":"https:\/\/www.heilpraktikerin-dietze.de\/?page_id=411","title":{"rendered":"Reiki"},"content":{"rendered":"<h2>Entspannung und Lebensenergie<\/h2>\n<p>Das Wort <strong>Reiki<\/strong> stammt aus dem Japanischen und bedeutet \u201eUniverselle Lebensenergie\u201c.<\/p>\n<p>Es werden die H\u00e4nde aufgelegt mit der Energie des Reiki.<\/p>\n<p>Es gibt <a href=\"https:\/\/www.heilpraktikerin-dietze.de\/?page_id=1192\">Kurzbehandlungen<\/a> im sitzen, die ca. 30 min dauern oder die klassische Behandlung im liegen, die ca. 60 min, dauert.<\/p>\n<p>Ich bin Reiki Lehrerin nach dem traditionellen <strong>Usui-System<\/strong> und arbeite danach.<\/p>\n<p>&nbsp;<\/p>\n<p>&nbsp;<\/p>\n<p><span style=\"font-family: Arial, serif;\"><span style=\"font-size: small;\">PFLICHTHINWEIS:<\/span><\/span><\/p>\n<p><span style=\"font-family: Arial, serif;\"><span style=\"font-size: small;\">Diese hier beschriebene Therapiemethode ist nicht wissenschaftlich, im Sinne der Schulmedizin, anerkannt. Sie folgt den Regeln der naturheilkundlichen Erfahrungsmedizin. Alle Aussagen \u00fcber die Wirkung und Behandlungsbeispiele, beruhen auf Erkenntnissen und Erfahrungswerten der Therapieeinrichtung selbst.<\/span><\/span><\/p>\n<p>&nbsp;<\/p>\n<p>&nbsp;<\/p>\n<h2>Reiki erlernen<\/h2>\n<p>Erlerne bei mir Reiki und komm in mein Seminar&#8230;<\/p>\n<p>Wenn du die Entspannungsmethode des Reiki erlernen m\u00f6chtest und dir selbst jederzeit diese wohltuende Lebensenergie zukommen lassen willst, dann kannst du diese Methode bei mir erlernen.<\/p>\n<p>Einweihungen in diese wohltuende Methode erfolgen meistens in Einzelsitzungen und sind immer sehr individuell. Aber es ist auch m\u00f6glich den Grad zu zweit bei mir zu machen.<\/p>\n<p>Am Besten ist es, wenn wir ein kurzes pers\u00f6nliches Gespr\u00e4ch f\u00fchren, wenn du dich daf\u00fcr interessierst.<\/p>\n<p>&nbsp;<\/p>\n<h2>Reiki Grad I<\/h2>\n<p>Herzlich willkommen beim Reiki Grad I Seminar. Dieses Seminar bietet dir den Einstieg und ist zugleich Grundlage f\u00fcr alle weiteren Reiki Seminare.<\/p>\n<p><strong>Inhalt:<\/strong><\/p>\n<ul>\n<li>Reiki Geschichte<\/li>\n<li>Lebensregeln<\/li>\n<li>ICH-Zentrierung<\/li>\n<li>Chakren-Lehre<\/li>\n<li>Eigen- und Fremdbehandlung<\/li>\n<li>Reiki-Aktivierung I. Grad nach Dr. USUI (Einweihung, Einstimmung)<\/li>\n<li>Anwendungsm\u00f6glichkeiten Reiki Grad I<\/li>\n<li>Praktische \u00dcbungen<\/li>\n<\/ul>\n<p>Dauer: 2 Tage (Termine individuell abzustimmen)<br \/>\nVorraussetzungen: Keine<br \/>\nPreis: 1 Person 200 \u20ac, bei 2 Personen 150 \u20ac p.P.<\/p>\n<p><strong>Inklusive:<\/strong><br \/>\nHandbuch<br \/>\nEnergetisiertes Wasser, Kaffee und Tee<br \/>\nfrisches Obst<br \/>\nZertifikat<\/p>\n<p>Ich freue mich darauf dich in den I. Grad einzuweihen \ud83d\ude42<\/p>\n<p>&nbsp;<\/p>\n<h2>Reiki Grad II<\/h2>\n<p>Herzlich willkommen beim Reiki Grad II Seminar. In diesem Seminar liegt der Fokus darauf, was du noch alles mit Reiki bewirken kannst, du baust auf das bisher Gelernte auf, intensivierst die Anwendungsm\u00f6glichkeiten und dein Bewusstsein. Viele neue Werkzeuge warten auf dich.<\/p>\n<p><strong>Inhalt:<\/strong><\/p>\n<ul>\n<li>Kennenlernen der 3 Reiki-Symbole &#8211; Bedeutung und Anwendung<\/li>\n<li>Mentalbehandlung<\/li>\n<li>Fernbehandlung<\/li>\n<li>Reiki in Vergangenheit, Gegenwart und Zukunft schicken<\/li>\n<li>Raumreinigung<\/li>\n<li>Reiki-Schutz<\/li>\n<li>Reiki-Dusche<\/li>\n<li>Fern-Reiki schicken<\/li>\n<li>Reiki-Aktivierung II. Grad nach Dr. USUI (Einweihung, Einstimmung)<\/li>\n<li>Anwendungsm\u00f6glichkeiten Reiki Grad II<\/li>\n<li>Praktische \u00dcbungen<\/li>\n<\/ul>\n<p>Dauer: 2 Tage (Termine individuell abzustimmen)<br \/>\nVorraussetzungen: Grad I<br \/>\nPreis: 1 Person 300 \u20ac, bei 2 Personen 250 \u20ac p.P.<\/p>\n<p><strong>Inklusive:<\/strong><br \/>\nHandbuch<br \/>\nEnergetisiertes Wasser, Kaffee und Tee<br \/>\nfrisches Obst<br \/>\nZertifikat<\/p>\n<p>Ich freue mich darauf dich in den II. Grad einzuweihen \ud83d\ude42<\/p>\n<p>&nbsp;<\/p>\n<h2>Reiki Grad III &#8211; Meistergrad<\/h2>\n<p>Herzlich willkommen beim Reiki Grad III Seminar. Bist du bereit Meister DEINES Lebens zu werden?<\/p>\n<p><strong>Inhalt:<\/strong><\/p>\n<ul>\n<li>Was bedeutet es Meister seines eigenen Lebens zu sein?<\/li>\n<li>Der Meistergrad, Erkl\u00e4rung der Bedeutung und der damit verbundenen Kraftverst\u00e4rkung<\/li>\n<li>Kennenlernen des Meistersymboles<\/li>\n<li>Reiki-Aktivierung III. Grad nach Dr. USUI (Einweihung, Einstimmung)<\/li>\n<li>Anwendungsm\u00f6glichkeiten Reiki Grad III<\/li>\n<li>Praktische \u00dcbungen<\/li>\n<\/ul>\n<p>Dauer: 1Tag (Termine individuell abzustimmen)<br \/>\nVorraussetzungen: Grad I und Grad II<br \/>\nPreis: Einzelseminar 450 \u20ac<\/p>\n<p><strong>Inklusive:<\/strong><br \/>\nHandbuch<br \/>\nEnergetisiertes Wasser, Kaffee und Tee<br \/>\nfrisches Obst<br \/>\nZertifikat<\/p>\n<p>Ich freue mich darauf dich in den III. Grad einzuweihen \ud83d\ude42<\/p>\n<p>&nbsp;<\/p>\n<h2>Reiki Grad IV &#8211; Lehrergrad<\/h2>\n<p>individuell nach pers\u00f6nlichem Gespr\u00e4ch<\/p>\n<p>&nbsp;<\/p>\n<h2>Reiki-Treff<\/h2>\n<p>du m\u00f6chtest dein erlerntes Wissen mit anderen Menschen austauschen, weiterhin Reiki \u00fcben oder einfach nur eine nette Zeit mit Gleichgesinnten verbringen? Dann besuche doch einen meiner Reiki-Treffs\u2026<\/p>\n<p><strong>Offene Reiki Treff:<\/strong> 1 x monatlich treffen wir uns am Dienstag Abend und tauschen uns aus. Jeder darf Reiki geben und empfangen. Voraussetzung ist der Reiki Grad I. Komm und sei in dieser netten Runde dabei.<\/p>\n<p>1x monatlich &#8211; Di 18:30 &#8211; 20:00 Uhr:<\/p>\n<p>Termine \u00b422: 01.02.; 01.03.; 05.04.; 03.05.; 07.06.; 05.07.22<\/p>\n<p>&nbsp;<\/p>\n","protected":false},"excerpt":{"rendered":"<p>Entspannung und Lebensenergie Das Wort Reiki stammt aus dem Japanischen und bedeutet \u201eUniverselle Lebensenergie\u201c. Es werden die H\u00e4nde aufgelegt mit der Energie des Reiki. Es gibt Kurzbehandlungen im sitzen, die ca. 30 min dauern oder die klassische Behandlung im liegen, die ca. 60 min, dauert. Ich bin Reiki Lehrerin nach dem traditionellen Usui-System und arbeite [&hellip;]<\/p>\n","protected":false},"author":3,"featured_media":0,"parent":595,"menu_order":1,"comment_status":"closed","ping_status":"closed","template":"","meta":{"footnotes":""},"class_list":["post-411","page","type-page","status-publish","hentry"],"_links":{"self":[{"href":"https:\/\/www.heilpraktikerin-dietze.de\/index.php?rest_route=\/wp\/v2\/pages\/411","targetHints":{"allow":["GET"]}}],"collection":[{"href":"https:\/\/www.heilpraktikerin-dietze.de\/index.php?rest_route=\/wp\/v2\/pages"}],"about":[{"href":"https:\/\/www.heilpraktikerin-dietze.de\/index.php?rest_route=\/wp\/v2\/types\/page"}],"author":[{"embeddable":true,"href":"https:\/\/www.heilpraktikerin-dietze.de\/index.php?rest_route=\/wp\/v2\/users\/3"}],"replies":[{"embeddable":true,"href":"https:\/\/www.heilpraktikerin-dietze.de\/index.php?rest_route=%2Fwp%2Fv2%2Fcomments&post=411"}],"version-history":[{"count":0,"href":"https:\/\/www.heilpraktikerin-dietze.de\/index.php?rest_route=\/wp\/v2\/pages\/411\/revisions"}],"up":[{"embeddable":true,"href":"https:\/\/www.heilpraktikerin-dietze.de\/index.php?rest_route=\/wp\/v2\/pages\/595"}],"wp:attachment":[{"href":"https:\/\/www.heilpraktikerin-dietze.de\/index.php?rest_route=%2Fwp%2Fv2%2Fmedia&parent=411"}],"curies":[{"name":"wp","href":"https:\/\/api.w.org\/{rel}","templated":true}]}}