{"id":19,"date":"2014-10-17T12:18:28","date_gmt":"2014-10-17T10:18:28","guid":{"rendered":"https:\/\/www.heilpraktikerin-dietze.de\/?page_id=19"},"modified":"2024-02-27T10:46:07","modified_gmt":"2024-02-27T08:46:07","slug":"impressum","status":"publish","type":"page","link":"https:\/\/www.heilpraktikerin-dietze.de\/?page_id=19","title":{"rendered":"Impressum"},"content":{"rendered":"<h2><strong>Ramona Dietze<br \/>\n<\/strong><\/h2>\n<p><strong>Heilpraktikerin<\/strong><\/p>\n<p>Reuterstr. 2<br \/>\n31303 Burgdorf<\/p>\n<p>Mobil: 01573 2096777<br \/>\nE-mail: kontakt@heilpraktikerin-dietze.de<\/p>\n<p>&nbsp;<\/p>\n<p><strong>Inhaltlich verantwortliche Person gem\u00e4\u00df \u00a7 5 TMG:<\/strong><br \/>\nF\u00fcr die Domain <a href=\"https:\/\/www.heilpraktikerin-dietze.de\" target=\"_blank\" rel=\"noopener\">www.heilpraktikerin-dietze.de<\/a>: Ramona Dietze<\/p>\n<p><strong>Gesetzliche Berufsbezeichnung:<\/strong><br \/>\nHeilpraktikerin (verliehen in der Bundesrepublik Deutschland)<\/p>\n<p><strong>Beh\u00f6rdliche Zulassung:<\/strong><br \/>\nErteilung der \u201eErlaubnis zur Aus\u00fcbung der Heilkunde ohne Bestallung\u201c vom Gesundheitsamt des Landkreises Hannover am 30. April 2014<\/p>\n<p><strong>Zust\u00e4ndige Aufsichtsbeh\u00f6rde:<\/strong><br \/>\nGesundheitsamt Hannover, Weinstra\u00dfe 2, 30169 Hannover<\/p>\n<p><strong>Steuernummer:<\/strong><br \/>\nHeilpraktik: 16\/ 143\/ 05703<br \/>\nAls Heilpraktikerin bin ich gem\u00e4\u00df UStG \u00a74, Nr. 14, S. 1 von der Umsatzsteuer befreit.<\/p>\n<p><strong>Berufsrechtliche Regelung:<\/strong><br \/>\nHeilpraktikergesetz \u201eGesetz \u00fcber die berufsm\u00e4\u00dfige Aus\u00fcbung der Heilkunde ohne Bestallung\u201c vom 17.02.1939, ge\u00e4ndert durch Art. 53 des EGStGB vom 02.03.1974 (BGB1. I S.469). Die berufsrechtliche Regelung kann unter <a href=\"http:\/\/www.gesetze-im-internet.de\" target=\"_blank\" rel=\"noopener\">www.gesetze-im-internet.de<\/a> und dort unter Stichwort <a href=\"http:\/\/www.gesetze-im-internet.de\/heilprg\/BJNR002510939.html\" target=\"_blank\" rel=\"noopener\">\u201eHeilpraktikergesetz\u201c<\/a> eingesehen werden oder unter <a href=\"http:\/\/www.bdhn-ev.de\/berufsordnung.html\" target=\"_blank\" rel=\"noopener\">Berufsordnung f\u00fcr Heilpraktiker (BOH).<\/a><\/p>\n<p>Mitglied im Verband unabh\u00e4ngiger Heilpraktiker e.V., M.Nr.: 9615<\/p>\n<p><strong>Angaben zum Verantwortlichen gem\u00e4\u00df \u00a7 18 Abs. 2 MStV:<\/strong><br \/>\nRamona Dietze, Heilpraktikerin<br \/>\nReuterstr. 2, 31303 Burgdorf<br \/>\ne-mail: kontakt@heilpraktikerin-dietze.de<\/p>\n<p><strong>Angaben gem\u00e4\u00df \u00a7 2 DLInfoV:<\/strong><br \/>\nRamona Dietze, Heilpraktikerin, besitzt eine Berufshaftpflichtversicherung<br \/>\nf\u00fcr die Berufsaus\u00fcbung als Heilpraktikerin mit einer Deckungssumme von 3.000.000 Euro je Schadensereignis.<\/p>\n<p>Versicherungsgesellschaft: Die Continentale Sachversicherung AG,<br \/>\nRuhrallee 92, 44139 Dortmund<br \/>\n\u00d6rtlicher Geltungsbereich: Europ\u00e4ische Union<\/p>\n<p><strong>Quellenangaben f\u00fcr Bilder und Grafiken<\/strong>:<br \/>\nFolgendes Foto entstammt dem Fotoportal <a href=\"http:\/\/www.photocase.de\" target=\"_blank\" rel=\"noopener\">www.photocase.de<br \/>\n<\/a> Foto ID: 113273, Fotoname: Heim , Fotografin: judigrafie<br \/>\nweiteres Foto: Ramona Dietze, Fotografin: Sandra Helmker<\/p>\n<p><strong>Haftungshinweis:<\/strong><br \/>\nTrotz sorgf\u00e4ltiger inhaltlicher Kontrolle kann f\u00fcr die Inhalte externer Links keine Verantwortung \u00fcbernommen werden. F\u00fcr den Inhalt der verlinkten Seiten sind ausschlie\u00dflich deren Betreiber verantwortlich.<\/p>\n<p><strong>Copyright:<\/strong><br \/>\nDas Copyright f\u00fcr die Texte liegt bei Ramona Dietze.<\/p>\n<p>Die Inhalte dieser Webseite, deren Programmierung, Struktur und Gestaltung sind urheberrechtlich gesch\u00fctzt. Sie unterliegen urheber-, marken- und wettbewerbsrechtlichen Schutzrechten. Urheberrechtshinweise und Markenbezeichnungen d\u00fcrfen weder ver\u00e4ndert noch beseitigt werden. Eine Vervielf\u00e4ltigung, Verbreitung, Bereithaltung zum Abruf oder \u00dcbernahme meiner Webseite, der Layouts oder der Inhalte (Texte, Bilder, Programme) ist nur nach vorheriger schriftlicher Zustimmung zul\u00e4ssig.<\/p>\n<p><strong>\u00a0<\/strong><\/p>\n<p>&nbsp;<\/p>\n<h2>Datenschutzerkl\u00e4rung nach der DSGVO<\/h2>\n<h2><a href=\"https:\/\/www.heilpraktikerin-dietze.de\/?page_id=438\">Klicke HIER<\/a><\/h2>\n<p>&nbsp;<\/p>\n","protected":false},"excerpt":{"rendered":"<p>Ramona Dietze Heilpraktikerin Reuterstr. 2 31303 Burgdorf Mobil: 01573 2096777 E-mail: kontakt@heilpraktikerin-dietze.de &nbsp; Inhaltlich verantwortliche Person gem\u00e4\u00df \u00a7 5 TMG: F\u00fcr die Domain www.heilpraktikerin-dietze.de: Ramona Dietze Gesetzliche Berufsbezeichnung: Heilpraktikerin (verliehen in der Bundesrepublik Deutschland) Beh\u00f6rdliche Zulassung: Erteilung der \u201eErlaubnis zur Aus\u00fcbung der Heilkunde ohne Bestallung\u201c vom Gesundheitsamt des Landkreises Hannover am 30. April 2014 Zust\u00e4ndige [&hellip;]<\/p>\n","protected":false},"author":3,"featured_media":0,"parent":17,"menu_order":0,"comment_status":"closed","ping_status":"closed","template":"","meta":{"footnotes":""},"class_list":["post-19","page","type-page","status-publish","hentry"],"_links":{"self":[{"href":"https:\/\/www.heilpraktikerin-dietze.de\/index.php?rest_route=\/wp\/v2\/pages\/19","targetHints":{"allow":["GET"]}}],"collection":[{"href":"https:\/\/www.heilpraktikerin-dietze.de\/index.php?rest_route=\/wp\/v2\/pages"}],"about":[{"href":"https:\/\/www.heilpraktikerin-dietze.de\/index.php?rest_route=\/wp\/v2\/types\/page"}],"author":[{"embeddable":true,"href":"https:\/\/www.heilpraktikerin-dietze.de\/index.php?rest_route=\/wp\/v2\/users\/3"}],"replies":[{"embeddable":true,"href":"https:\/\/www.heilpraktikerin-dietze.de\/index.php?rest_route=%2Fwp%2Fv2%2Fcomments&post=19"}],"version-history":[{"count":0,"href":"https:\/\/www.heilpraktikerin-dietze.de\/index.php?rest_route=\/wp\/v2\/pages\/19\/revisions"}],"up":[{"embeddable":true,"href":"https:\/\/www.heilpraktikerin-dietze.de\/index.php?rest_route=\/wp\/v2\/pages\/17"}],"wp:attachment":[{"href":"https:\/\/www.heilpraktikerin-dietze.de\/index.php?rest_route=%2Fwp%2Fv2%2Fmedia&parent=19"}],"curies":[{"name":"wp","href":"https:\/\/api.w.org\/{rel}","templated":true}]}}