{"id":1661,"date":"2023-10-24T16:49:51","date_gmt":"2023-10-24T14:49:51","guid":{"rendered":"https:\/\/www.heilpraktikerin-dietze.de\/?page_id=1661"},"modified":"2024-02-20T17:52:35","modified_gmt":"2024-02-20T15:52:35","slug":"therapie","status":"publish","type":"page","link":"https:\/\/www.heilpraktikerin-dietze.de\/?page_id=1661","title":{"rendered":"Therapie"},"content":{"rendered":"<h2>Liebevolle und individuelle Therapie<\/h2>\n<p>Du kannst dich bei mir mit K\u00f6rper, Geist und Seele liebevoll aufgehoben f\u00fchlen. Ich nehme mir ausreichend Zeit f\u00fcr dich und dein Anliegen.<\/p>\n<p>Die Therapiestunde beginnt immer mit einem ausf\u00fchrlichem Gespr\u00e4ch, wo wir dein Anliegen in Ruhe kl\u00e4ren, die Ursache des Problems erforschen und dein Ziel benennen.<\/p>\n<p>Anschlie\u00dfend geht es in die Behandlung, die individuell deiner Probleme anegepasst wird. Die unterschiedlichen Behandlungsmethoden findest du n\u00e4her auf meiner Website beschrieben.<\/p>\n<p>Bei dem Nachgespr\u00e4ch schauen wir, wie du dich f\u00fchlst und was die Behandlung bei dir bewirkt hat.<\/p>\n<p>Die Naturheilkunde bietet verschiedene Therapiemethoden f\u00fcr eine Vielzahl von Beschwerden und Erkrankungen. Mit Sorgfalt und Kompetenz finden wir gemeinsam f\u00fcr dich einen ganz individuellen Therapieplan f\u00fcr deinen Prozess, bei dem ich dich sehr gerne begleite.<\/p>\n<p>Dein inneres Wohlbefinden ist mein h\u00f6chstes Ziel bei der Begleitung deines Prozesses, der k\u00f6rperlichen, geistigen oder seelischen Ursprungs sein kann.<\/p>\n<p><strong>Hier liegt es mir am Herzen dich zu unterst\u00fctzen und zu begleiten.<\/strong><\/p>\n<p>&nbsp;<\/p>\n<p>PFLICHTHINWEIS:<\/p>\n<p>Diese hier beschriebene Therapiemethode ist nicht wissenschaftlich, im Sinne der Schulmedizin, anerkannt. Sie folgt den Regeln der naturheilkundlichen Erfahrungsmedizin. Alle Aussagen \u00fcber die Wirkung und Behandlungsbeispiele, beruhen auf Erkenntnissen und Erfahrungswerten der Therapieeinrichtung selbst.<\/p>\n","protected":false},"excerpt":{"rendered":"<p>Liebevolle und individuelle Therapie Du kannst dich bei mir mit K\u00f6rper, Geist und Seele liebevoll aufgehoben f\u00fchlen. Ich nehme mir ausreichend Zeit f\u00fcr dich und dein Anliegen. Die Therapiestunde beginnt immer mit einem ausf\u00fchrlichem Gespr\u00e4ch, wo wir dein Anliegen in Ruhe kl\u00e4ren, die Ursache des Problems erforschen und dein Ziel benennen. Anschlie\u00dfend geht es in [&hellip;]<\/p>\n","protected":false},"author":3,"featured_media":0,"parent":0,"menu_order":2,"comment_status":"closed","ping_status":"closed","template":"","meta":{"footnotes":""},"class_list":["post-1661","page","type-page","status-publish","hentry"],"_links":{"self":[{"href":"https:\/\/www.heilpraktikerin-dietze.de\/index.php?rest_route=\/wp\/v2\/pages\/1661","targetHints":{"allow":["GET"]}}],"collection":[{"href":"https:\/\/www.heilpraktikerin-dietze.de\/index.php?rest_route=\/wp\/v2\/pages"}],"about":[{"href":"https:\/\/www.heilpraktikerin-dietze.de\/index.php?rest_route=\/wp\/v2\/types\/page"}],"author":[{"embeddable":true,"href":"https:\/\/www.heilpraktikerin-dietze.de\/index.php?rest_route=\/wp\/v2\/users\/3"}],"replies":[{"embeddable":true,"href":"https:\/\/www.heilpraktikerin-dietze.de\/index.php?rest_route=%2Fwp%2Fv2%2Fcomments&post=1661"}],"version-history":[{"count":0,"href":"https:\/\/www.heilpraktikerin-dietze.de\/index.php?rest_route=\/wp\/v2\/pages\/1661\/revisions"}],"wp:attachment":[{"href":"https:\/\/www.heilpraktikerin-dietze.de\/index.php?rest_route=%2Fwp%2Fv2%2Fmedia&parent=1661"}],"curies":[{"name":"wp","href":"https:\/\/api.w.org\/{rel}","templated":true}]}}