{"id":114,"date":"2014-11-19T11:48:51","date_gmt":"2014-11-19T09:48:51","guid":{"rendered":"https:\/\/www.heilpraktikerin-dietze.de\/?page_id=114"},"modified":"2023-10-24T16:55:59","modified_gmt":"2023-10-24T14:55:59","slug":"schuesslersalze","status":"publish","type":"page","link":"https:\/\/www.heilpraktikerin-dietze.de\/?page_id=114","title":{"rendered":"Sch\u00fcssler-Salze"},"content":{"rendered":"<h2>Die Mineralsalze auf deinem Weg<\/h2>\n<p>Der Arzt und Hom\u00f6opath Dr. Wilhelm Heinrich Sch\u00fcssler fand im 19.Jahrhundert heraus, dass ein gest\u00f6rter Mineralstoffhaushalt in den Zellen des Organismus zu Krankheiten f\u00fchren kann.<\/p>\n<p>Mineralstoffe befinden sich in jeder Zelle des K\u00f6rpers und beeinflussen den Stoffwechsel im gesamten Organismus. Wenn dieser Haushalt ins Ungleichgewicht ger\u00e4t, kann es zu Krankheiten kommen, so die Theorie laut Dr. Sch\u00fcssler.<\/p>\n<p>Die Mineralstoffe werden dem K\u00f6rper in potenzierter Form zugef\u00fchrt.<\/p>\n<p>Dabei gibt es 12 Biomineralien und 12 Erg\u00e4nzungssalze. Verwendet werden die Potenzen D 3 bis D 12 als Tabletten, K\u00fcgelchen oder auch als Salben.<\/p>\n<p><strong>\u00a0<\/strong><\/p>\n<p>&nbsp;<\/p>\n<p><span style=\"font-family: Arial, serif;\"><span style=\"font-size: small;\">PFLICHTHINWEIS:<\/span><\/span><\/p>\n<p><span style=\"font-family: Arial, serif;\"><span style=\"font-size: small;\">Diese hier beschriebene Therapiemethode ist nicht wissenschaftlich, im Sinne der Schulmedizin, anerkannt. Sie folgt den Regeln der naturheilkundlichen Erfahrungsmedizin. Alle Aussagen \u00fcber die Wirkung und Behandlungsbeispiele, beruhen auf Erkenntnissen und Erfahrungswerten der Therapieeinrichtung selbst.<\/span><\/span><\/p>\n","protected":false},"excerpt":{"rendered":"<p>Die Mineralsalze auf deinem Weg Der Arzt und Hom\u00f6opath Dr. Wilhelm Heinrich Sch\u00fcssler fand im 19.Jahrhundert heraus, dass ein gest\u00f6rter Mineralstoffhaushalt in den Zellen des Organismus zu Krankheiten f\u00fchren kann. Mineralstoffe befinden sich in jeder Zelle des K\u00f6rpers und beeinflussen den Stoffwechsel im gesamten Organismus. Wenn dieser Haushalt ins Ungleichgewicht ger\u00e4t, kann es zu Krankheiten [&hellip;]<\/p>\n","protected":false},"author":3,"featured_media":0,"parent":1661,"menu_order":5,"comment_status":"closed","ping_status":"closed","template":"","meta":{"footnotes":""},"class_list":["post-114","page","type-page","status-publish","hentry"],"_links":{"self":[{"href":"https:\/\/www.heilpraktikerin-dietze.de\/index.php?rest_route=\/wp\/v2\/pages\/114","targetHints":{"allow":["GET"]}}],"collection":[{"href":"https:\/\/www.heilpraktikerin-dietze.de\/index.php?rest_route=\/wp\/v2\/pages"}],"about":[{"href":"https:\/\/www.heilpraktikerin-dietze.de\/index.php?rest_route=\/wp\/v2\/types\/page"}],"author":[{"embeddable":true,"href":"https:\/\/www.heilpraktikerin-dietze.de\/index.php?rest_route=\/wp\/v2\/users\/3"}],"replies":[{"embeddable":true,"href":"https:\/\/www.heilpraktikerin-dietze.de\/index.php?rest_route=%2Fwp%2Fv2%2Fcomments&post=114"}],"version-history":[{"count":0,"href":"https:\/\/www.heilpraktikerin-dietze.de\/index.php?rest_route=\/wp\/v2\/pages\/114\/revisions"}],"up":[{"embeddable":true,"href":"https:\/\/www.heilpraktikerin-dietze.de\/index.php?rest_route=\/wp\/v2\/pages\/1661"}],"wp:attachment":[{"href":"https:\/\/www.heilpraktikerin-dietze.de\/index.php?rest_route=%2Fwp%2Fv2%2Fmedia&parent=114"}],"curies":[{"name":"wp","href":"https:\/\/api.w.org\/{rel}","templated":true}]}}