{"id":110,"date":"2014-11-19T11:45:23","date_gmt":"2014-11-19T09:45:23","guid":{"rendered":"https:\/\/www.heilpraktikerin-dietze.de\/?page_id=110"},"modified":"2024-02-20T17:55:28","modified_gmt":"2024-02-20T15:55:28","slug":"fussreflexzonentherapie","status":"publish","type":"page","link":"https:\/\/www.heilpraktikerin-dietze.de\/?page_id=110","title":{"rendered":"Fu\u00dfreflexzonenmassage"},"content":{"rendered":"<h2>Die ganzheitliche Entspannungsmassage f\u00fcr die F\u00fc\u00dfe<\/h2>\n<p>Die Fu\u00dfreflexzonenmassage ist eine manuelle Methode.<\/p>\n<p>Diese Behandlungsmethode basiert auf uraltem indianischem Wissen, das von verschiedenen Therapeuten bis zur heutigen Form weiterentwickelt wurde.<\/p>\n<p>Man geht davon aus, dass sich in den F\u00fc\u00dfen alle K\u00f6rperregionen und Organe wiederspiegeln. Das sind sogenannte \u201eMini-Abbildungen\u201c des gesamten K\u00f6rpers. \u00dcber die Massage der F\u00fc\u00dfe und bestimmten Grifftechniken kann somit der gesamte K\u00f6rper behandelt werden.<\/p>\n<p>Eine <a title=\"Behandlungskosten\" href=\"https:\/\/www.heilpraktikerin-dietze.de\/?page_id=94\">Massagesitzung<\/a> dauert ungef\u00e4hr 30 min.<\/p>\n<p><strong>\u00a0<\/strong><\/p>\n<p>&nbsp;<\/p>\n<p><span style=\"font-family: Arial, serif;\"><span style=\"font-size: small;\">PFLICHTHINWEIS:<\/span><\/span><\/p>\n<p><span style=\"font-family: Arial, serif;\"><span style=\"font-size: small;\">Diese hier beschriebene Entspannungsmethode ist nicht wissenschaftlich, im Sinne der Schulmedizin, anerkannt. Sie folgt den Regeln der naturheilkundlichen Erfahrungsmedizin. Alle Aussagen \u00fcber die Wirkung und Behandlungsbeispiele, beruhen auf Erkenntnissen und Erfahrungswerten der Therapieeinrichtung selbst.<\/span><\/span><\/p>\n","protected":false},"excerpt":{"rendered":"<p>Die ganzheitliche Entspannungsmassage f\u00fcr die F\u00fc\u00dfe Die Fu\u00dfreflexzonenmassage ist eine manuelle Methode. Diese Behandlungsmethode basiert auf uraltem indianischem Wissen, das von verschiedenen Therapeuten bis zur heutigen Form weiterentwickelt wurde. Man geht davon aus, dass sich in den F\u00fc\u00dfen alle K\u00f6rperregionen und Organe wiederspiegeln. Das sind sogenannte \u201eMini-Abbildungen\u201c des gesamten K\u00f6rpers. \u00dcber die Massage der F\u00fc\u00dfe [&hellip;]<\/p>\n","protected":false},"author":3,"featured_media":0,"parent":595,"menu_order":4,"comment_status":"closed","ping_status":"closed","template":"","meta":{"footnotes":""},"class_list":["post-110","page","type-page","status-publish","hentry"],"_links":{"self":[{"href":"https:\/\/www.heilpraktikerin-dietze.de\/index.php?rest_route=\/wp\/v2\/pages\/110","targetHints":{"allow":["GET"]}}],"collection":[{"href":"https:\/\/www.heilpraktikerin-dietze.de\/index.php?rest_route=\/wp\/v2\/pages"}],"about":[{"href":"https:\/\/www.heilpraktikerin-dietze.de\/index.php?rest_route=\/wp\/v2\/types\/page"}],"author":[{"embeddable":true,"href":"https:\/\/www.heilpraktikerin-dietze.de\/index.php?rest_route=\/wp\/v2\/users\/3"}],"replies":[{"embeddable":true,"href":"https:\/\/www.heilpraktikerin-dietze.de\/index.php?rest_route=%2Fwp%2Fv2%2Fcomments&post=110"}],"version-history":[{"count":0,"href":"https:\/\/www.heilpraktikerin-dietze.de\/index.php?rest_route=\/wp\/v2\/pages\/110\/revisions"}],"up":[{"embeddable":true,"href":"https:\/\/www.heilpraktikerin-dietze.de\/index.php?rest_route=\/wp\/v2\/pages\/595"}],"wp:attachment":[{"href":"https:\/\/www.heilpraktikerin-dietze.de\/index.php?rest_route=%2Fwp%2Fv2%2Fmedia&parent=110"}],"curies":[{"name":"wp","href":"https:\/\/api.w.org\/{rel}","templated":true}]}}